{"id":431,"date":"2015-02-22T19:55:57","date_gmt":"2015-02-22T19:55:57","guid":{"rendered":"http:\/\/wp\/enfold-medium-business\/?page_id=11"},"modified":"2020-01-20T17:14:25","modified_gmt":"2020-01-20T16:14:25","slug":"home","status":"publish","type":"page","link":"https:\/\/paquette.ambra.fr\/comptoir\/","title":{"rendered":"Accueil"},"content":{"rendered":"<div id='av_section_1'  class='avia-section main_color avia-section-default avia-no-border-styling  avia-full-stretch avia-bg-style-scroll  avia-builder-el-0  el_before_av_section  avia-builder-el-first   av-minimum-height av-minimum-height-100  container_wrap fullsize' style='background-repeat: no-repeat; background-image: url(https:\/\/paquette.ambra.fr\/comptoir\/wp-content\/uploads\/sites\/2\/2020\/01\/Caveau-Paquette-comptoir.jpg);background-attachment: scroll; background-position: center center;  '  data-section-bg-repeat='stretch' data-av_minimum_height_pc='100'><div class='av-section-color-overlay-wrap'><a href='#next-section' title='' class='scroll-down-link '  aria-hidden='true' data-av_icon='\ue877' data-av_iconfont='entypo-fontello'><\/a><div class='container' ><main  role=\"main\" itemprop=\"mainContentOfPage\"  class='template-page content  av-content-full alpha units'><div class='post-entry post-entry-type-page post-entry-431'><div class='entry-content-wrapper clearfix'>\n<div class=\"flex_column av_one_fourth  flex_column_div av-zero-column-padding first  avia-builder-el-1  el_before_av_one_half  avia-builder-el-first  \" style='border-radius:0px; '><\/div><div class=\"flex_column av_one_half  flex_column_div   avia-builder-el-2  el_after_av_one_fourth  el_before_av_one_fourth  \" style='background: rgba(255,255,255,0.57); padding:30px; background-color:rgba(255,255,255,0.57); border-radius:0px; '><div  style='padding-bottom:0px; margin:20 20 20 20; font-size:50px;' class='av-special-heading av-special-heading-h1  blockquote modern-quote modern-centered  avia-builder-el-3  avia-builder-el-no-sibling  av-inherit-size '><h1 class='av-special-heading-tag '  itemprop=\"headline\"  >Le comptoir<br \/>\ndu Ch\u00e2teau Paquette<\/h1><div class='special-heading-border'><div class='special-heading-inner-border' ><\/div><\/div><\/div><\/div><div class=\"flex_column av_one_fourth  flex_column_div av-zero-column-padding   avia-builder-el-4  el_after_av_one_half  avia-builder-el-last  \" style='border-radius:0px; '><\/div>\n\n<\/div><\/div><\/main><!-- close content main element --><\/div><\/div><\/div><div id='av_section_2'  class='avia-section main_color avia-section-huge avia-no-border-styling  avia-bg-style-scroll  avia-builder-el-5  el_after_av_section  el_before_av_layout_row   container_wrap fullsize' style=' '  ><div class='container' ><div class='template-page content  av-content-full alpha units'><div class='post-entry post-entry-type-page post-entry-431'><div class='entry-content-wrapper clearfix'>\n<div class=\"flex_column av_one_fifth  flex_column_div first  avia-builder-el-6  el_before_av_three_fifth  avia-builder-el-first  \" ><\/div><div class=\"flex_column av_three_fifth  flex_column_div   avia-builder-el-7  el_after_av_one_fifth  el_before_av_one_fifth  \" ><div  style='padding-bottom:10px; font-size:40px;' class='av-special-heading av-special-heading-h1  blockquote modern-quote modern-centered  avia-builder-el-8  avia-builder-el-no-sibling  av-thin-font av-inherit-size '><h1 class='av-special-heading-tag '  itemprop=\"headline\"  >Faites votre choix parmis <strong>LES VINS<\/strong> du Ch\u00e2teau PAQUETTE<\/h1><div class='special-heading-border'><div class='special-heading-inner-border' ><\/div><\/div><\/div><\/div><div class=\"flex_column av_one_fifth  flex_column_div   avia-builder-el-9  el_after_av_three_fifth  el_before_av_one_third  \" ><\/div><div class=\"flex_column av_one_third  flex_column_div first  avia-builder-el-10  el_after_av_one_fifth  el_before_av_one_third  column-top-margin\" ><p><div  class='avia-image-container  av-styling-    avia-builder-el-11  el_before_av_textblock  avia-builder-el-first  avia-align-center '  itemprop=\"image\" itemscope=\"itemscope\" itemtype=\"https:\/\/schema.org\/ImageObject\"  ><div class='avia-image-container-inner'><div class='avia-image-overlay-wrap'><img class='wp-image-580 avia-img-lazy-loading-not-580 avia_image' src='https:\/\/paquette.ambra.fr\/comptoir\/wp-content\/uploads\/sites\/2\/2020\/01\/bouteilleblanc-julii-600x600.jpg' alt='' title='bouteilleblanc-julii' height=\"600\" width=\"600\"  itemprop=\"thumbnailUrl\"  \/><\/div><\/div><\/div><br \/>\n<section class=\"av_textblock_section \"  itemscope=\"itemscope\" itemtype=\"https:\/\/schema.org\/CreativeWork\" ><div class='avia_textblock  '   itemprop=\"text\" ><h2 style=\"text-align: center;\">Les Blancs<\/h2>\n<p style=\"text-align: center;\">Consectetuer adipiscing elit. Aenean commodo ligula eget dolor. Aenean massa. Cum sociis natoque penatibus et magnis dis parturient montes, nascetur ridiculus mus.<\/p>\n<\/div><\/section><br \/>\n<div  class='avia-button-wrap avia-button-center  avia-builder-el-13  el_after_av_textblock  avia-builder-el-last ' ><a href='https:\/\/paquette.ambra.fr\/comptoir\/boutique-en-ligne\/'  class='avia-button  avia-color-theme-color   avia-icon_select-no avia-size-large avia-position-center '   ><span class='avia_iconbox_title' >Voir les vins<\/span><\/a><\/div><\/p><\/div><div class=\"flex_column av_one_third  flex_column_div   avia-builder-el-14  el_after_av_one_third  el_before_av_one_third  column-top-margin\" ><p><div  class='avia-image-container  av-styling-    avia-builder-el-15  el_before_av_textblock  avia-builder-el-first  avia-align-center '  itemprop=\"image\" itemscope=\"itemscope\" itemtype=\"https:\/\/schema.org\/ImageObject\"  ><div class='avia-image-container-inner'><div class='avia-image-overlay-wrap'><img class='wp-image-544 avia-img-lazy-loading-not-544 avia_image' src='https:\/\/paquette.ambra.fr\/comptoir\/wp-content\/uploads\/sites\/2\/2020\/01\/bouteille-rose-angelico-600x600.jpg' alt='' title='bouteille-rose-angelico' height=\"600\" width=\"600\"  itemprop=\"thumbnailUrl\"  \/><\/div><\/div><\/div><br \/>\n<section class=\"av_textblock_section \"  itemscope=\"itemscope\" itemtype=\"https:\/\/schema.org\/CreativeWork\" ><div class='avia_textblock  '   itemprop=\"text\" ><h2 style=\"text-align: center;\">Les Ros\u00e9s<\/h2>\n<p style=\"text-align: center;\">Consectetuer adipiscing elit. Aenean commodo ligula eget dolor. Aenean massa. Cum sociis natoque penatibus et magnis dis parturient montes, nascetur ridiculus mus.<\/p>\n<\/div><\/section><br \/>\n<div  class='avia-button-wrap avia-button-center  avia-builder-el-17  el_after_av_textblock  avia-builder-el-last ' ><a href='https:\/\/paquette.ambra.fr\/comptoir\/boutique-en-ligne\/'  class='avia-button  avia-color-theme-color   avia-icon_select-no avia-size-large avia-position-center '   ><span class='avia_iconbox_title' >Voir les vins<\/span><\/a><\/div><\/p><\/div><div class=\"flex_column av_one_third  flex_column_div   avia-builder-el-18  el_after_av_one_third  avia-builder-el-last  column-top-margin\" ><p><div  class='avia-image-container  av-styling-    avia-builder-el-19  el_before_av_textblock  avia-builder-el-first  avia-align-center '  itemprop=\"image\" itemscope=\"itemscope\" itemtype=\"https:\/\/schema.org\/ImageObject\"  ><div class='avia-image-container-inner'><div class='avia-image-overlay-wrap'><img class='wp-image-556 avia-img-lazy-loading-not-556 avia_image' src='https:\/\/paquette.ambra.fr\/comptoir\/wp-content\/uploads\/sites\/2\/2020\/01\/bouteille-rouge-roche-noir-600x600.jpg' alt='' title='bouteille-rouge-roche-noir' height=\"600\" width=\"600\"  itemprop=\"thumbnailUrl\"  \/><\/div><\/div><\/div><br \/>\n<section class=\"av_textblock_section \"  itemscope=\"itemscope\" itemtype=\"https:\/\/schema.org\/CreativeWork\" ><div class='avia_textblock  '   itemprop=\"text\" ><h2 style=\"text-align: center;\">Les Rouges<\/h2>\n<p style=\"text-align: center;\">Consectetuer adipiscing elit. Aenean commodo ligula eget dolor. Aenean massa. Cum sociis natoque penatibus et magnis dis parturient montes, nascetur ridiculus mus.<\/p>\n<\/div><\/section><br \/>\n<div  class='avia-button-wrap avia-button-center  avia-builder-el-21  el_after_av_textblock  avia-builder-el-last ' ><a href='https:\/\/paquette.ambra.fr\/comptoir\/boutique-en-ligne\/'  class='avia-button  avia-color-theme-color   avia-icon_select-no avia-size-large avia-position-center '   ><span class='avia_iconbox_title' >Voir les vins<\/span><\/a><\/div><\/p><\/div>\n\n<\/div><\/div><\/div><!-- close content main div --><\/div><\/div><div id='av-layout-grid-1'  class='av-layout-grid-container entry-content-wrapper main_color av-flex-cells     avia-builder-el-22  el_after_av_section  el_before_av_button_big  submenu-not-first container_wrap fullsize' style=' '  >\n<div class=\"flex_cell no_margin av_one_half  avia-builder-el-23  el_before_av_cell_one_half  avia-builder-el-first   avia-full-stretch \"  style='background:url(https:\/\/paquette.ambra.fr\/comptoir\/wp-content\/uploads\/sites\/2\/2020\/01\/oenotourisme.jpg) center right no-repeat scroll #000000; vertical-align:top; padding:130px; background-color:#000000; ' ><div class='flex_cell_inner' ><\/div><\/div><div class=\"flex_cell no_margin av_one_half  avia-builder-el-24  el_after_av_cell_one_half  avia-builder-el-last   \"  style='background: #000000; vertical-align:top; padding:50px; background-color:#000000; ' ><div class='flex_cell_inner' ><p><div class='flex_column_table av-equal-height-column-flextable -flextable' ><div class=\"flex_column av_one_half  flex_column_table_cell av-equal-height-column av-align-middle av-zero-column-padding first  avia-builder-el-25  el_before_av_one_half  avia-builder-el-first  \" style='border-radius:0px; '><p><div  style='padding-bottom:10px; color:#ffffff;' class='av-special-heading av-special-heading-h2 custom-color-heading   avia-builder-el-26  el_before_av_hr  avia-builder-el-first  '><h2 class='av-special-heading-tag '  itemprop=\"headline\"  >L\u2019oenotourisme<\/h2><div class='special-heading-border'><div class='special-heading-inner-border' style='border-color:#ffffff'><\/div><\/div><\/div><br \/>\n<div  style='height:50px' class='hr hr-invisible   avia-builder-el-27  el_after_av_heading  el_before_av_textblock '><span class='hr-inner ' ><span class='hr-inner-style'><\/span><\/span><\/div><br \/>\n<section class=\"av_textblock_section \"  itemscope=\"itemscope\" itemtype=\"https:\/\/schema.org\/CreativeWork\" ><div class='avia_textblock  av_inherit_color '  style='color:#ffffff; '  itemprop=\"text\" ><p>Venez d\u00e9couvrir L&rsquo;oenotourisme au Ch\u00e2teau Paquette \u00e0 Fr\u00e9jus dans le Var.<\/p>\n<\/div><\/section><br \/>\n<div  class='avia-icon-list-container   avia-builder-el-29  el_after_av_textblock  el_before_av_hr '><ul class='avia-icon-list avia-icon-list-left av-iconlist-big avia_animate_when_almost_visible avia-iconlist-animate'>\n<li><div  style='background-color:#ffffff; color:#000000; ' class='iconlist_icon  avia-font-entypo-fontello'><span class='iconlist-char ' aria-hidden='true' data-av_icon='\ue812' data-av_iconfont='entypo-fontello'><\/span><\/div><article class=\"article-icon-entry av-iconlist-empty\"  itemscope=\"itemscope\" itemtype=\"https:\/\/schema.org\/CreativeWork\" ><div class='iconlist_content_wrap'><header class=\"entry-content-header\"><h4 class='av_iconlist_title iconlist_title  av_inherit_color '  itemprop=\"headline\"   style='color:#ffffff; '>D\u00e9gustation GRATUITE<\/h4><\/header><div class='iconlist_content  '  itemprop=\"text\"  ><\/div><\/div><footer class=\"entry-footer\"><\/footer><\/article><div class='iconlist-timeline'><\/div><\/li>\n<li><div  style='background-color:#ffffff; color:#000000; ' class='iconlist_icon  avia-font-entypo-fontello'><span class='iconlist-char ' aria-hidden='true' data-av_icon='\ue812' data-av_iconfont='entypo-fontello'><\/span><\/div><article class=\"article-icon-entry av-iconlist-empty\"  itemscope=\"itemscope\" itemtype=\"https:\/\/schema.org\/CreativeWork\" ><div class='iconlist_content_wrap'><header class=\"entry-content-header\"><h4 class='av_iconlist_title iconlist_title  av_inherit_color '  itemprop=\"headline\"   style='color:#ffffff; '>Sentier p\u00e9destre<\/h4><\/header><div class='iconlist_content  '  itemprop=\"text\"  ><\/div><\/div><footer class=\"entry-footer\"><\/footer><\/article><div class='iconlist-timeline'><\/div><\/li>\n<li><div  style='background-color:#ffffff; color:#000000; ' class='iconlist_icon  avia-font-entypo-fontello'><span class='iconlist-char ' aria-hidden='true' data-av_icon='\ue812' data-av_iconfont='entypo-fontello'><\/span><\/div><article class=\"article-icon-entry av-iconlist-empty\"  itemscope=\"itemscope\" itemtype=\"https:\/\/schema.org\/CreativeWork\" ><div class='iconlist_content_wrap'><header class=\"entry-content-header\"><h4 class='av_iconlist_title iconlist_title  av_inherit_color '  itemprop=\"headline\"   style='color:#ffffff; '>Visite et D\u00e9gustation<\/h4><\/header><div class='iconlist_content  '  itemprop=\"text\"  ><\/div><\/div><footer class=\"entry-footer\"><\/footer><\/article><div class='iconlist-timeline'><\/div><\/li>\n<\/ul><\/div><br \/>\n<div  style='height:50px' class='hr hr-invisible   avia-builder-el-30  el_after_av_iconlist  avia-builder-el-last '><span class='hr-inner ' ><span class='hr-inner-style'><\/span><\/span><\/div><\/p><\/div><div class='av-flex-placeholder'><\/div><div class=\"flex_column av_one_half  flex_column_table_cell av-equal-height-column av-align-middle av-zero-column-padding   avia-builder-el-31  el_after_av_one_half  avia-builder-el-last  \" style='border-radius:0px; '><div  class='avia-button-wrap avia-button-center  avia-builder-el-32  avia-builder-el-no-sibling ' ><a href='https:\/\/paquette.ambra.fr\/comptoir\/'  class='avia-button  avia-color-theme-color   avia-icon_select-no avia-size-large avia-position-center '   ><span class='avia_iconbox_title' >D\u00e9couvrez l\u2019oenotourisme<\/span><\/a><\/div><\/div><\/div><!--close column table wrapper. Autoclose: 1 --><\/p>\n<\/div><\/div><\/div><div  class='avia-button-wrap avia-button-center  avia-builder-el-33  el_after_av_layout_row  avia-builder-el-last ' ><a href='https:\/\/paquette.ambra.fr\/comptoir\/contact\/' class='avia-button avia-button-fullwidth   avia-icon_select-no avia-color-theme-color '  style='color:#ffffff; ' ><span class='avia_iconbox_title' >Nous contacter pour plus d\u2019informations<\/span><span class='avia_button_background avia-button avia-button-fullwidth avia-color-custom' style='background-color:#444444;'><\/span><\/a><\/div><\/p>\n","protected":false},"excerpt":{"rendered":"","protected":false},"author":1,"featured_media":0,"parent":0,"menu_order":0,"comment_status":"open","ping_status":"open","template":"","meta":[],"_links":{"self":[{"href":"https:\/\/paquette.ambra.fr\/comptoir\/wp-json\/wp\/v2\/pages\/431"}],"collection":[{"href":"https:\/\/paquette.ambra.fr\/comptoir\/wp-json\/wp\/v2\/pages"}],"about":[{"href":"https:\/\/paquette.ambra.fr\/comptoir\/wp-json\/wp\/v2\/types\/page"}],"author":[{"embeddable":true,"href":"https:\/\/paquette.ambra.fr\/comptoir\/wp-json\/wp\/v2\/users\/1"}],"replies":[{"embeddable":true,"href":"https:\/\/paquette.ambra.fr\/comptoir\/wp-json\/wp\/v2\/comments?post=431"}],"version-history":[{"count":21,"href":"https:\/\/paquette.ambra.fr\/comptoir\/wp-json\/wp\/v2\/pages\/431\/revisions"}],"predecessor-version":[{"id":593,"href":"https:\/\/paquette.ambra.fr\/comptoir\/wp-json\/wp\/v2\/pages\/431\/revisions\/593"}],"wp:attachment":[{"href":"https:\/\/paquette.ambra.fr\/comptoir\/wp-json\/wp\/v2\/media?parent=431"}],"curies":[{"name":"wp","href":"https:\/\/api.w.org\/{rel}","templated":true}]}}